{"id":1446,"date":"2021-07-19T16:45:45","date_gmt":"2021-07-19T14:45:45","guid":{"rendered":"https:\/\/alseva.pl\/ppa\/"},"modified":"2021-12-21T13:33:22","modified_gmt":"2021-12-21T12:33:22","slug":"ppa","status":"publish","type":"page","link":"https:\/\/alseva.pl\/en\/ppa\/","title":{"rendered":"PPA"},"content":{"rendered":"<p>[vc_row full_width=&#8221;stretch_row_content&#8221; content_placement=&#8221;middle&#8221; el_class=&#8221;h-50vh header-page-bnb&#8221; css=&#8221;.vc_custom_1628368491287{background-image: url(https:\/\/alseva.pl\/wp-content\/uploads\/2021\/08\/Mask-Group-1.png?id=870) !important;background-position: center !important;background-repeat: no-repeat !important;background-size: cover !important;}&#8221;][vc_column][vc_column_text el_class=&#8221;text-white uppercase offer-head-bnb oferta-line&#8221;]<\/p>\n<h5 style=\"text-align: center;\">offer<\/h5>\n<p>[\/vc_column_text][vc_column_text el_class=&#8221;text-white uppercase offer-head-bnb&#8221;]<\/p>\n<h1 style=\"text-align: center;\">POWER PURCHASE AGREEMENT<\/h1>\n<p>[\/vc_column_text][\/vc_column][\/vc_row][vc_row full_width=&#8221;stretch_row_content&#8221; css=&#8221;.vc_custom_1626705784964{padding-top: 80px !important;padding-bottom: 80px !important;}&#8221; el_class=&#8221;first-sec&#8221;][vc_column][vc_row_inner content_placement=&#8221;middle&#8221; el_class=&#8221;mw-1200&#8243;][vc_column_inner width=&#8221;1\/2&#8243;][vc_column_text el_class=&#8221;text-blue&#8221;]<\/p>\n<h3>Power Purchase Agreement<\/h3>\n<p>[\/vc_column_text][\/vc_column_inner][vc_column_inner width=&#8221;1\/2&#8243;][vc_column_text el_class=&#8221;lh-190&#8243;]We offer a Corporate Power Purchase Agreement (cPPA), which constitute an interesting solution for entrepreneurs conducting business activity with high-energy consumption.[\/vc_column_text][\/vc_column_inner][\/vc_row_inner][\/vc_column][\/vc_row][vc_row full_width=&#8221;stretch_row_content&#8221; css=&#8221;.vc_custom_1631903324717{padding-top: 80px !important;padding-bottom: 80px !important;}&#8221;][vc_column][vc_row_inner content_placement=&#8221;middle&#8221; el_class=&#8221;mw-1200&#8243;][vc_column_inner][vc_column_text el_class=&#8221;text-blue&#8221;]<\/p>\n<h2 style=\"text-align: center;\"><strong>Our PPA type agreement ensures long-term energy supply<\/strong><\/h2>\n<p>[\/vc_column_text][\/vc_column_inner][\/vc_row_inner][vc_row_inner content_placement=&#8221;top&#8221; gap=&#8221;30&#8243; el_class=&#8221;mw-1200&#8243; css=&#8221;.vc_custom_1631905460673{margin-top: 50px !important;}&#8221;][vc_column_inner width=&#8221;1\/3&#8243;][vc_single_image image=&#8221;1415&#8243; img_size=&#8221;full&#8221; alignment=&#8221;center&#8221; el_class=&#8221;side-icon center&#8221;][vc_column_text el_class=&#8221;text-blue&#8221;]<\/p>\n<p style=\"text-align: center;\"><span style=\"font-size: 18pt;\"><strong>At a fixed price<\/strong><\/span><\/p>\n<p style=\"text-align: center;\">Independence from the risk of electricity price increases.<\/p>\n<p>[\/vc_column_text][\/vc_column_inner][vc_column_inner width=&#8221;1\/3&#8243;][vc_single_image image=&#8221;1520&#8243; img_size=&#8221;full&#8221; alignment=&#8221;center&#8221; el_class=&#8221;side-icon center&#8221;][vc_column_text el_class=&#8221;text-blue&#8221;]<\/p>\n<p style=\"text-align: center;\"><span style=\"font-size: 18pt;\"><strong>100% green energy<\/strong><\/span><\/p>\n<p style=\"text-align: center;\">As energy is derived solely from renewable energy sources, our offer enables cooperating businesses to follow sustainable development principles.<\/p>\n<p>[\/vc_column_text][\/vc_column_inner][vc_column_inner width=&#8221;1\/3&#8243;][vc_single_image image=&#8221;1441&#8243; img_size=&#8221;full&#8221; alignment=&#8221;center&#8221; el_class=&#8221;side-icon center&#8221;][vc_column_text el_class=&#8221;text-blue&#8221;]<\/p>\n<p style=\"text-align: center;\"><span style=\"font-size: 18pt;\"><strong>Clean energy at a lower price<\/strong><\/span><\/p>\n<p style=\"text-align: center;\">An appealing price and a\u00a0price stability guarantee throughout the entire term of the agreement are part of our offer. In the case of On-site and Near site agreements, it also allows for savings derived from the lack of distribution fees.<\/p>\n<p>[\/vc_column_text][\/vc_column_inner][\/vc_row_inner][\/vc_column][\/vc_row][vc_row full_width=&#8221;stretch_row_content&#8221; equal_height=&#8221;yes&#8221; disable_element=&#8221;yes&#8221; el_class=&#8221;mw-1200-custom-bg&#8221;][vc_column width=&#8221;1\/2&#8243; css=&#8221;.vc_custom_1628368631901{background-image: url(https:\/\/alseva.pl\/wp-content\/uploads\/2021\/08\/solar-panels-meadow.png?id=873) !important;background-position: center !important;background-repeat: no-repeat !important;background-size: cover !important;}&#8221; el_class=&#8221;min-h-media&#8221;][\/vc_column][vc_column width=&#8221;1\/2&#8243; css=&#8221;.vc_custom_1628368579868{padding-top: 70px !important;padding-bottom: 70px !important;padding-left: 30px !important;}&#8221; el_class=&#8221;pad-chess&#8221;][vc_column_text el_class=&#8221;text-blue&#8221;]<\/p>\n<h4>Czym jest umowa PPA?<\/h4>\n<p>[\/vc_column_text][vc_column_text el_class=&#8221;lh-190&#8243;]Umowa PPA to prawna forma porozumienia pomi\u0119dzy sprzedawc\u0105 energii elektrycznej a nabywc\u0105 tej energii. Umowy te s\u0105 zazwyczaj d\u0142ugoterminowe i dotycz\u0105 w szczeg\u00f3lno\u015bci sprzeda\u017cy i zakupu energii ze \u017ar\u00f3de\u0142 odnawialnych Umowy o zakup energii typu (PPA) mog\u0105 pom\u00f3c Twojej firmie osi\u0105gn\u0105\u0107 cele zwi\u0105zane ze zr\u00f3wnowa\u017conym rozwojem dzi\u0119ki d\u0142ugoterminowym, stabilnym cenom energii, tym samym generuj\u0105c oszcz\u0119dno\u015bci w twoim portfelu.[\/vc_column_text][\/vc_column][\/vc_row][vc_row full_width=&#8221;stretch_row_content&#8221; equal_height=&#8221;yes&#8221; disable_element=&#8221;yes&#8221; el_class=&#8221;mw-1200-custom-bg flex-dir-reverse&#8221;][vc_column width=&#8221;1\/2&#8243; css=&#8221;.vc_custom_1628368584621{padding-top: 70px !important;padding-right: 30px !important;padding-bottom: 70px !important;background-position: center !important;background-repeat: no-repeat !important;background-size: cover !important;}&#8221; el_class=&#8221;f-end pad-chess&#8221;][vc_column_text el_class=&#8221;text-blue&#8221;]<\/p>\n<h4>Najlepszy mo\u017cliwy wyb\u00f3r<\/h4>\n<p>[\/vc_column_text][vc_column_text el_class=&#8221;lh-190&#8243;]Opr\u00f3cz op\u0142acalno\u015bci finansowej i korzy\u015bci dla \u015brodowiska, przy podpisywaniu umowy PPA z ALSEVA INNOWACJE S.A. otrzymujesz w pakiecie kompleksowe us\u0142ugi O&amp;M i pe\u0142n\u0105 gwarancj\u0119 bankow\u0105.[\/vc_column_text][\/vc_column][vc_column width=&#8221;1\/2&#8243; css=&#8221;.vc_custom_1628368650277{background-image: url(https:\/\/alseva.pl\/wp-content\/uploads\/2021\/08\/scott-graham-OQMZwNd3ThU-unsplash.png?id=874) !important;background-position: center !important;background-repeat: no-repeat !important;background-size: cover !important;}&#8221; el_class=&#8221;min-h-media&#8221;][\/vc_column][\/vc_row]<\/p>\n","protected":false},"excerpt":{"rendered":"<p>[vc_row full_width=&#8221;stretch_row_content&#8221; content_placement=&#8221;middle&#8221; el_class=&#8221;h-50vh header-page-bnb&#8221; css=&#8221;.vc_custom_1628368491287{background-image: url(https:\/\/alseva.pl\/wp-content\/uploads\/2021\/08\/Mask-Group-1.png?id=870) !important;background-position: center !important;background-repeat: no-repeat !important;background-size: cover !important;}&#8221;][vc_column][vc_column_text el_class=&#8221;text-white uppercase offer-head-bnb oferta-line&#8221;] offer [\/vc_column_text][vc_column_text el_class=&#8221;text-white uppercase offer-head-bnb&#8221;] POWER PURCHASE AGREEMENT [\/vc_column_text][\/vc_column][\/vc_row][vc_row full_width=&#8221;stretch_row_content&#8221; css=&#8221;.vc_custom_1626705784964{padding-top: 80px !important;padding-bottom: 80px !important;}&#8221; el_class=&#8221;first-sec&#8221;][vc_column][vc_row_inner content_placement=&#8221;middle&#8221; el_class=&#8221;mw-1200&#8243;][vc_column_inner width=&#8221;1\/2&#8243;][vc_column_text el_class=&#8221;text-blue&#8221;] Power Purchase Agreement [\/vc_column_text][\/vc_column_inner][vc_column_inner width=&#8221;1\/2&#8243;][vc_column_text el_class=&#8221;lh-190&#8243;]We offer a Corporate Power Purchase Agreement<a class=\"moretag\" href=\"https:\/\/alseva.pl\/en\/ppa\/\"> Read more<\/a><\/p>\n","protected":false},"author":3,"featured_media":0,"parent":0,"menu_order":0,"comment_status":"closed","ping_status":"closed","template":"page-templates\/template-pagebuilder-full-width.php","meta":{"om_disable_all_campaigns":false,"wp_mapbox_gl_js_media":[]},"_links":{"self":[{"href":"https:\/\/alseva.pl\/en\/wp-json\/wp\/v2\/pages\/1446"}],"collection":[{"href":"https:\/\/alseva.pl\/en\/wp-json\/wp\/v2\/pages"}],"about":[{"href":"https:\/\/alseva.pl\/en\/wp-json\/wp\/v2\/types\/page"}],"author":[{"embeddable":true,"href":"https:\/\/alseva.pl\/en\/wp-json\/wp\/v2\/users\/3"}],"replies":[{"embeddable":true,"href":"https:\/\/alseva.pl\/en\/wp-json\/wp\/v2\/comments?post=1446"}],"version-history":[{"count":12,"href":"https:\/\/alseva.pl\/en\/wp-json\/wp\/v2\/pages\/1446\/revisions"}],"predecessor-version":[{"id":2202,"href":"https:\/\/alseva.pl\/en\/wp-json\/wp\/v2\/pages\/1446\/revisions\/2202"}],"wp:attachment":[{"href":"https:\/\/alseva.pl\/en\/wp-json\/wp\/v2\/media?parent=1446"}],"curies":[{"name":"wp","href":"https:\/\/api.w.org\/{rel}","templated":true}]}}